{"id":60,"date":"2019-11-05T11:00:03","date_gmt":"2019-11-05T11:00:03","guid":{"rendered":"http:\/\/idodental.com\/?page_id=60"},"modified":"2025-01-20T14:31:33","modified_gmt":"2025-01-20T14:31:33","slug":"politica-de-privacidad-clinica-ido-dental","status":"publish","type":"page","link":"https:\/\/www.idodental.com\/es\/politica-de-privacidad-clinica-ido-dental\/","title":{"rendered":"Pol\u00edtica de Privacidad de la Cl\u00ednica IDO DENTAL TONA"},"content":{"rendered":"<p>[et_pb_section fb_built=&#8221;1&#8243; admin_label=&#8221;section&#8221; _builder_version=&#8221;4.16&#8243; global_colors_info=&#8221;{}&#8221;][et_pb_row admin_label=&#8221;row&#8221; _builder_version=&#8221;4.16&#8243; background_size=&#8221;initial&#8221; background_position=&#8221;top_left&#8221; background_repeat=&#8221;repeat&#8221; global_colors_info=&#8221;{}&#8221;][et_pb_column type=&#8221;4_4&#8243; _builder_version=&#8221;4.16&#8243; custom_padding=&#8221;|||&#8221; global_colors_info=&#8221;{}&#8221; custom_padding__hover=&#8221;|||&#8221;][et_pb_text admin_label=&#8221;Text&#8221; _builder_version=&#8221;4.27.4&#8243; background_size=&#8221;initial&#8221; background_position=&#8221;top_left&#8221; background_repeat=&#8221;repeat&#8221; hover_enabled=&#8221;0&#8243; global_colors_info=&#8221;{}&#8221; sticky_enabled=&#8221;0&#8243;]<\/p>\n<h1 data-pm-slice=\"1 1 []\"><span>Pol\u00edtica de Privacidad de la Cl\u00ednica IDO DENTAL TONA<\/span><\/h1>\n<p>En <em><strong>PUNT GENIAL, S.L.<\/strong> <\/em>estamos especialmente comprometidos con la confidencialidad de los datos personales que se nos facilitan a trav\u00e9s de nuestra p\u00e1gina web. Mediante esta pol\u00edtica, informamos al usuario sobre el tratamiento de sus datos personales, as\u00ed como los derechos que le asisten, conforme al Reglamento General de Protecci\u00f3n de Datos (RGPD) de la Uni\u00f3n Europea, Reglamento UE 2016\/679.<\/p>\n<h4>1. Responsable del tratamiento<\/h4>\n<p>El responsable del tratamiento es <strong>RICARDO ALANIZ ARRIAGADA<\/strong>, con DNI <strong>43636727T<\/strong>, domiciliado en Ctra. de Camprodon, 22, Sant Joan de les Abadesses, Girona, y correo electr\u00f3nico:<em><strong> <a>idodental@gmail.com<\/a>.<\/strong><\/em><\/p>\n<p>Contacto del delegado de protecci\u00f3n de datos (DPO): <strong><a>afhanrath@icab.cat<\/a>.<\/strong><\/p>\n<h4>2. Obtenci\u00f3n de los datos<\/h4>\n<p>Los datos personales que tratamos son obtenidos a trav\u00e9s de:<\/p>\n<ul data-spread=\"false\">\n<li>Formulario web, correo electr\u00f3nico, tel\u00e9fono o contrato, facilitados voluntariamente por el titular de los datos.<\/li>\n<li>Fuentes accesibles al p\u00fablico y registros p\u00fablicos, cuando existe un inter\u00e9s leg\u00edtimo por parte del responsable.<\/li>\n<\/ul>\n<h4>3. Finalidad del tratamiento<\/h4>\n<p>Los datos personales se tratar\u00e1n con las siguientes finalidades:<\/p>\n<ul data-spread=\"false\">\n<li>Responder a las peticiones realizadas a trav\u00e9s de la p\u00e1gina web.<\/li>\n<li>Enviar comunicaciones comerciales, promociones e informaci\u00f3n de inter\u00e9s, previo consentimiento del usuario.<\/li>\n<li>Gestionar la relaci\u00f3n comercial, administrativa, contable y fiscal.<\/li>\n<\/ul>\n<p>El usuario puede revocar su consentimiento para el env\u00edo de comunicaciones en cualquier momento.<\/p>\n<h4>4. Conservaci\u00f3n de los datos<\/h4>\n<p>Los datos personales se conservar\u00e1n mientras se mantenga la relaci\u00f3n con la entidad o hasta que el interesado solicite su supresi\u00f3n. Los datos se conservar\u00e1n conforme a los plazos legales establecidos y en funci\u00f3n de la finalidad por la que fueron recabados.<\/p>\n<h4>5. Legitimaci\u00f3n<\/h4>\n<p>La base legal para el tratamiento de los datos personales es:<\/p>\n<ul data-spread=\"false\">\n<li>La solicitud de informaci\u00f3n por parte del interesado.<\/li>\n<li>La suscripci\u00f3n a comunicaciones comerciales mediante consentimiento expreso.<\/li>\n<li>La formalizaci\u00f3n de relaciones comerciales.<\/li>\n<li>La ejecuci\u00f3n de un contrato.<\/li>\n<\/ul>\n<h4>6. Destinatarios<\/h4>\n<p>Los datos personales no ser\u00e1n cedidos a terceros, salvo obligaci\u00f3n legal. Si se requiere la colaboraci\u00f3n de terceros para gestiones administrativas, fiscales, contables o comerciales, se formalizar\u00e1 un contrato de encargado de tratamiento para garantizar la seguridad y confidencialidad de los datos.<\/p>\n<h4>7. Derechos<\/h4>\n<p>Los interesados pueden ejercer los siguientes derechos de forma gratuita:<\/p>\n<ul data-spread=\"false\">\n<li>Acceso a sus datos personales.<\/li>\n<li>Rectificaci\u00f3n de datos incompletos o inexactos.<\/li>\n<li>Supresi\u00f3n de datos cuando no sean necesarios.<\/li>\n<li>Limitaci\u00f3n del tratamiento.<\/li>\n<li>Oposici\u00f3n al tratamiento.<\/li>\n<li>Portabilidad de los datos.<\/li>\n<li>Retirada del consentimiento en cualquier momento.<\/li>\n<\/ul>\n<p>Para ejercer estos derechos, puede contactar con el responsable del tratamiento o presentar una reclamaci\u00f3n ante la Agencia Espa\u00f1ola de Protecci\u00f3n de Datos (AEPD).<\/p>\n<h4>8. Autoridad de control<\/h4>\n<p>La autoridad de control en Espa\u00f1a es la Agencia Espa\u00f1ola de Protecci\u00f3n de Datos (AEPD), con sede en C\/ Jorge Juan N\u00ba6, 28001 Madrid. Tel\u00e9fonos: 901 100 099 \u2013 912 663 517, sitio web: <strong><a>www.agpd.es<\/a>.<\/strong><\/p>\n<p>[\/et_pb_text][\/et_pb_column][\/et_pb_row][\/et_pb_section][et_pb_section fb_built=&#8221;1&#8243; admin_label=&#8221;Footer&#8221; module_id=&#8221;contacte&#8221; _builder_version=&#8221;4.27.4&#8243; _module_preset=&#8221;default&#8221; background_color=&#8221;gcid-d14b3939-1e50-4aa0-8b1a-f463dc64fbfb&#8221; custom_padding=&#8221;||65px|||&#8221; global_module=&#8221;213&#8243; saved_tabs=&#8221;all&#8221; collapsed=&#8221;on&#8221; global_colors_info=&#8221;{%22gcid-d14b3939-1e50-4aa0-8b1a-f463dc64fbfb%22:%91%22background_color%22%93}&#8221;][et_pb_row _builder_version=&#8221;4.23.2&#8243; _module_preset=&#8221;default&#8221; global_colors_info=&#8221;{}&#8221;][et_pb_column type=&#8221;4_4&#8243; _builder_version=&#8221;4.23.2&#8243; _module_preset=&#8221;default&#8221; global_colors_info=&#8221;{}&#8221;][et_pb_text _builder_version=&#8221;4.27.4&#8243; _module_preset=&#8221;b6e4f775-62ba-448f-965f-415f4f73cb58&#8243; header_2_font=&#8221;&#8211;et_global_heading_font||||||||&#8221; header_2_text_color=&#8221;gcid-3c3581c1-f373-4686-aa51-f9f01c8ffd79&#8243; custom_margin=&#8221;||10px||false|false&#8221; header_2_font_size_phone=&#8221;40px&#8221; global_colors_info=&#8221;{%22gcid-3c3581c1-f373-4686-aa51-f9f01c8ffd79%22:%91%22header_2_text_color%22%93}&#8221;]<\/p>\n<h2>Contacta\u2019ns<\/h2>\n<p>[\/et_pb_text][et_pb_contact_form email=&#8221;idodental@gmail.com&#8221; success_message=&#8221;Moltes gr\u00e0cies, ens posarem en contacte pr\u00f2ximament!&#8221; submit_button_text=&#8221;Enviar!&#8221; _builder_version=&#8221;4.27.4&#8243; _module_preset=&#8221;default&#8221; _unique_id=&#8221;07199746-767f-4e6e-88a2-e1515625394c&#8221; form_field_background_color=&#8221;#FFFFFF&#8221; form_field_text_color=&#8221;#000000&#8243; form_field_font=&#8221;|600|||||||&#8221; custom_button=&#8221;on&#8221; button_text_size=&#8221;16px&#8221; button_text_color=&#8221;#FFFFFF&#8221; button_bg_color=&#8221;gcid-34227f89-2459-4021-a2e0-46f34e0b3e72&#8243; button_border_width=&#8221;5px&#8221; button_border_color=&#8221;#FFFFFF&#8221; button_border_radius=&#8221;0px&#8221; button_letter_spacing=&#8221;2px&#8221; button_font=&#8221;Open Sans|700||on|||||&#8221; button_custom_margin=&#8221;0px||0px||false|false&#8221; button_custom_padding=&#8221;11px||11px||true|false&#8221; box_shadow_style_button=&#8221;preset4&#8243; box_shadow_horizontal_button=&#8221;2px&#8221; box_shadow_vertical_button=&#8221;2px&#8221; global_colors_info=&#8221;{%22gcid-34227f89-2459-4021-a2e0-46f34e0b3e72%22:%91%22button_bg_color%22%93}&#8221;][et_pb_contact_field field_id=&#8221;Nom&#8221; field_title=&#8221;Nom i cognoms&#8221; _builder_version=&#8221;4.27.0&#8243; global_colors_info=&#8221;{}&#8221; button_text_size__hover_enabled=&#8221;off&#8221; button_one_text_size__hover_enabled=&#8221;off&#8221; button_two_text_size__hover_enabled=&#8221;off&#8221; button_text_color__hover_enabled=&#8221;off&#8221; button_one_text_color__hover_enabled=&#8221;off&#8221; button_two_text_color__hover_enabled=&#8221;off&#8221; button_border_width__hover_enabled=&#8221;off&#8221; button_one_border_width__hover_enabled=&#8221;off&#8221; button_two_border_width__hover_enabled=&#8221;off&#8221; button_border_color__hover_enabled=&#8221;off&#8221; button_one_border_color__hover_enabled=&#8221;off&#8221; button_two_border_color__hover_enabled=&#8221;off&#8221; button_border_radius__hover_enabled=&#8221;off&#8221; button_one_border_radius__hover_enabled=&#8221;off&#8221; button_two_border_radius__hover_enabled=&#8221;off&#8221; button_letter_spacing__hover_enabled=&#8221;off&#8221; button_one_letter_spacing__hover_enabled=&#8221;off&#8221; button_two_letter_spacing__hover_enabled=&#8221;off&#8221; button_bg_color__hover_enabled=&#8221;off&#8221; button_one_bg_color__hover_enabled=&#8221;off&#8221; button_two_bg_color__hover_enabled=&#8221;off&#8221;][\/et_pb_contact_field][et_pb_contact_field field_id=&#8221;Email&#8221; field_title=&#8221;Direcci\u00f3n de correo electr\u00f3nico&#8221; field_type=&#8221;email&#8221; _builder_version=&#8221;4.16&#8243; global_colors_info=&#8221;{}&#8221; button_text_size__hover_enabled=&#8221;off&#8221; button_one_text_size__hover_enabled=&#8221;off&#8221; button_two_text_size__hover_enabled=&#8221;off&#8221; button_text_color__hover_enabled=&#8221;off&#8221; button_one_text_color__hover_enabled=&#8221;off&#8221; button_two_text_color__hover_enabled=&#8221;off&#8221; button_border_width__hover_enabled=&#8221;off&#8221; button_one_border_width__hover_enabled=&#8221;off&#8221; button_two_border_width__hover_enabled=&#8221;off&#8221; button_border_color__hover_enabled=&#8221;off&#8221; button_one_border_color__hover_enabled=&#8221;off&#8221; button_two_border_color__hover_enabled=&#8221;off&#8221; button_border_radius__hover_enabled=&#8221;off&#8221; button_one_border_radius__hover_enabled=&#8221;off&#8221; button_two_border_radius__hover_enabled=&#8221;off&#8221; button_letter_spacing__hover_enabled=&#8221;off&#8221; button_one_letter_spacing__hover_enabled=&#8221;off&#8221; button_two_letter_spacing__hover_enabled=&#8221;off&#8221; button_bg_color__hover_enabled=&#8221;off&#8221; button_one_bg_color__hover_enabled=&#8221;off&#8221; button_two_bg_color__hover_enabled=&#8221;off&#8221;][\/et_pb_contact_field][et_pb_contact_field field_id=&#8221;Tel\u00e8fon&#8221; field_title=&#8221;Tel\u00e8fon&#8221; allowed_symbols=&#8221;numbers&#8221; fullwidth_field=&#8221;on&#8221; _builder_version=&#8221;4.27.0&#8243; _module_preset=&#8221;default&#8221; global_colors_info=&#8221;{}&#8221;][\/et_pb_contact_field][et_pb_contact_field field_id=&#8221;Missatge&#8221; field_title=&#8221;Missatge&#8221; field_type=&#8221;text&#8221; fullwidth_field=&#8221;on&#8221; _builder_version=&#8221;4.27.0&#8243; global_colors_info=&#8221;{}&#8221; button_text_size__hover_enabled=&#8221;off&#8221; button_one_text_size__hover_enabled=&#8221;off&#8221; button_two_text_size__hover_enabled=&#8221;off&#8221; button_text_color__hover_enabled=&#8221;off&#8221; button_one_text_color__hover_enabled=&#8221;off&#8221; button_two_text_color__hover_enabled=&#8221;off&#8221; button_border_width__hover_enabled=&#8221;off&#8221; button_one_border_width__hover_enabled=&#8221;off&#8221; button_two_border_width__hover_enabled=&#8221;off&#8221; button_border_color__hover_enabled=&#8221;off&#8221; button_one_border_color__hover_enabled=&#8221;off&#8221; button_two_border_color__hover_enabled=&#8221;off&#8221; button_border_radius__hover_enabled=&#8221;off&#8221; button_one_border_radius__hover_enabled=&#8221;off&#8221; button_two_border_radius__hover_enabled=&#8221;off&#8221; button_letter_spacing__hover_enabled=&#8221;off&#8221; button_one_letter_spacing__hover_enabled=&#8221;off&#8221; button_two_letter_spacing__hover_enabled=&#8221;off&#8221; button_bg_color__hover_enabled=&#8221;off&#8221; button_one_bg_color__hover_enabled=&#8221;off&#8221; button_two_bg_color__hover_enabled=&#8221;off&#8221;][\/et_pb_contact_field][et_pb_contact_field field_id=&#8221;Field_5&#8243; field_title=&#8221; &#8221; field_type=&#8221;checkbox&#8221; checkbox_options=&#8221;%91{%22value%22:%22He llegit i accepto la %22,%22checked%22:0,%22dragID%22:-1,%22link_url%22:%22https:\/\/www.idodental.com\/politica-de-privacidad-clinica-ido-dental\/%22,%22link_text%22:%22Pol\u00edtica de privacitat%22},{%22value%22:%22He llegit i accepto rebre comunicacions de car\u00e0cter comercial%22,%22checked%22:0,%22dragID%22:0}%93&#8243; fullwidth_field=&#8221;on&#8221; _builder_version=&#8221;4.27.4&#8243; _module_preset=&#8221;default&#8221; global_colors_info=&#8221;{}&#8221;][\/et_pb_contact_field][\/et_pb_contact_form][\/et_pb_column][\/et_pb_row][\/et_pb_section][et_pb_section fb_built=&#8221;1&#8243; fullwidth=&#8221;on&#8221; _builder_version=&#8221;4.27.0&#8243; _module_preset=&#8221;default&#8221; background_color=&#8221;#000000&#8243; global_colors_info=&#8221;{}&#8221;][et_pb_fullwidth_code _builder_version=&#8221;4.27.0&#8243; _module_preset=&#8221;default&#8221; global_colors_info=&#8221;{}&#8221;]<iframe src=\"https:\/\/www.google.com\/maps\/embed?pb=!1m18!1m12!1m3!1d889.1063039523942!2d2.225776736855216!3d41.84826773191864!2m3!1f0!2f0!3f0!3m2!1i1024!2i768!4f13.1!3m3!1m2!1s0x12a4d93283f00f45%3A0x6b136389e1262bc9!2sIDO%20DENTAL%20TONA!5e1!3m2!1ses!2ses!4v1727355269517!5m2!1ses!2ses\" width=\"2800\" height=\"400\" style=\"border:0;\" allowfullscreen=\"\" loading=\"lazy\" referrerpolicy=\"no-referrer-when-downgrade\"><\/iframe>[\/et_pb_fullwidth_code][\/et_pb_section]<\/p>\n","protected":false},"excerpt":{"rendered":"<p>Pol\u00edtica de Privacidad de la Cl\u00ednica IDO DENTAL TONA En PUNT GENIAL, S.L. estamos especialmente comprometidos con la confidencialidad de los datos personales que se nos facilitan a trav\u00e9s de nuestra p\u00e1gina web. Mediante esta pol\u00edtica, informamos al usuario sobre el tratamiento de sus datos personales, as\u00ed como los derechos que le asisten, conforme al [&hellip;]<\/p>\n","protected":false},"author":1,"featured_media":0,"parent":0,"menu_order":0,"comment_status":"closed","ping_status":"closed","template":"","meta":{"_et_pb_use_builder":"on","_et_pb_old_content":"En PUNT GENIAL, S.L. estamos especialmente comprometidos con la confidencialidad de los datos personales que se nos facilitan a trav\u00e9s de nuestra p\u00e1gina web. Mediante esta pol\u00edtica, informamos al usuario sobre el tratamiento de sus datos personales, as\u00ed como los derechos que le asisten, conforme al Reglamento General de Protecci\u00f3n de Datos (RGPD) de la Uni\u00f3n Europea, Reglamento UE 2016\/679.\r\n<h4>1. Responsable del tratamiento<\/h4>\r\nEl responsable del tratamiento es RICARDO ALANIZ ARRIAGADA, con DNI 43636727T, domiciliado en Ctra. de Camprodon, 22, Sant Joan de les Abadesses, Girona, y correo electr\u00f3nico: <a>idodental@gmail.com<\/a>.\r\n\r\nContacto del delegado de protecci\u00f3n de datos (DPO): <a>afhanrath@icab.cat<\/a>.\r\n<h4>2. Obtenci\u00f3n de los datos<\/h4>\r\nLos datos personales que tratamos son obtenidos a trav\u00e9s de:\r\n<ul data-spread=\"false\">\r\n \t<li>Formulario web, correo electr\u00f3nico, tel\u00e9fono o contrato, facilitados voluntariamente por el titular de los datos.<\/li>\r\n \t<li>Fuentes accesibles al p\u00fablico y registros p\u00fablicos, cuando existe un inter\u00e9s leg\u00edtimo por parte del responsable.<\/li>\r\n<\/ul>\r\n<h4>3. Finalidad del tratamiento<\/h4>\r\nLos datos personales se tratar\u00e1n con las siguientes finalidades:\r\n<ul data-spread=\"false\">\r\n \t<li>Responder a las peticiones realizadas a trav\u00e9s de la p\u00e1gina web.<\/li>\r\n \t<li>Enviar comunicaciones comerciales, promociones e informaci\u00f3n de inter\u00e9s, previo consentimiento del usuario.<\/li>\r\n \t<li>Gestionar la relaci\u00f3n comercial, administrativa, contable y fiscal.<\/li>\r\n<\/ul>\r\nEl usuario puede revocar su consentimiento para el env\u00edo de comunicaciones en cualquier momento.\r\n<h4>4. Conservaci\u00f3n de los datos<\/h4>\r\nLos datos personales se conservar\u00e1n mientras se mantenga la relaci\u00f3n con la entidad o hasta que el interesado solicite su supresi\u00f3n. Los datos se conservar\u00e1n conforme a los plazos legales establecidos y en funci\u00f3n de la finalidad por la que fueron recabados.\r\n<h4>5. Legitimaci\u00f3n<\/h4>\r\nLa base legal para el tratamiento de los datos personales es:\r\n<ul data-spread=\"false\">\r\n \t<li>La solicitud de informaci\u00f3n por parte del interesado.<\/li>\r\n \t<li>La suscripci\u00f3n a comunicaciones comerciales mediante consentimiento expreso.<\/li>\r\n \t<li>La formalizaci\u00f3n de relaciones comerciales.<\/li>\r\n \t<li>La ejecuci\u00f3n de un contrato.<\/li>\r\n<\/ul>\r\n<h4>6. Destinatarios<\/h4>\r\nLos datos personales no ser\u00e1n cedidos a terceros, salvo obligaci\u00f3n legal. Si se requiere la colaboraci\u00f3n de terceros para gestiones administrativas, fiscales, contables o comerciales, se formalizar\u00e1 un contrato de encargado de tratamiento para garantizar la seguridad y confidencialidad de los datos.\r\n<h4>7. Derechos<\/h4>\r\nLos interesados pueden ejercer los siguientes derechos de forma gratuita:\r\n<ul data-spread=\"false\">\r\n \t<li>Acceso a sus datos personales.<\/li>\r\n \t<li>Rectificaci\u00f3n de datos incompletos o inexactos.<\/li>\r\n \t<li>Supresi\u00f3n de datos cuando no sean necesarios.<\/li>\r\n \t<li>Limitaci\u00f3n del tratamiento.<\/li>\r\n \t<li>Oposici\u00f3n al tratamiento.<\/li>\r\n \t<li>Portabilidad de los datos.<\/li>\r\n \t<li>Retirada del consentimiento en cualquier momento.<\/li>\r\n<\/ul>\r\nPara ejercer estos derechos, puede contactar con el responsable del tratamiento o presentar una reclamaci\u00f3n ante la Agencia Espa\u00f1ola de Protecci\u00f3n de Datos (AEPD).\r\n<h4>8. Autoridad de control<\/h4>\r\nLa autoridad de control en Espa\u00f1a es la Agencia Espa\u00f1ola de Protecci\u00f3n de Datos (AEPD), con sede en C\/ Jorge Juan N\u00ba6, 28001 Madrid. Tel\u00e9fonos: 901 100 099 \u2013 912 663 517, sitio web: <a>www.agpd.es<\/a>.","_et_gb_content_width":"","_joinchat":[],"footnotes":""},"class_list":["post-60","page","type-page","status-publish","hentry"],"yoast_head":"<!-- This site is optimized with the Yoast SEO plugin v27.5 - https:\/\/yoast.com\/product\/yoast-seo-wordpress\/ -->\n<title>Pol\u00edtica de privacidad | IDO Dental Tona<\/title>\n<meta name=\"robots\" content=\"noindex, nofollow\" \/>\n<meta property=\"og:locale\" content=\"es_ES\" \/>\n<meta property=\"og:type\" content=\"article\" \/>\n<meta property=\"og:title\" content=\"Pol\u00edtica de privacidad | IDO Dental Tona\" \/>\n<meta property=\"og:description\" content=\"Pol\u00edtica de Privacidad de la Cl\u00ednica IDO DENTAL TONA En PUNT GENIAL, S.L. estamos especialmente comprometidos con la confidencialidad de los datos personales que se nos facilitan a trav\u00e9s de nuestra p\u00e1gina web. Mediante esta pol\u00edtica, informamos al usuario sobre el tratamiento de sus datos personales, as\u00ed como los derechos que le asisten, conforme al [&hellip;]\" \/>\n<meta property=\"og:url\" content=\"https:\/\/www.idodental.com\/es\/politica-de-privacidad-clinica-ido-dental\/\" \/>\n<meta property=\"og:site_name\" content=\"IDO Dental Tona\" \/>\n<meta property=\"article:publisher\" content=\"https:\/\/www.facebook.com\/idodental?locale=es_ES\" \/>\n<meta property=\"article:modified_time\" content=\"2025-01-20T14:31:33+00:00\" \/>\n<meta property=\"og:image\" content=\"https:\/\/www.idodental.com\/wp-content\/uploads\/2019\/11\/cropped-favicon.png\" \/>\n\t<meta property=\"og:image:width\" content=\"512\" \/>\n\t<meta property=\"og:image:height\" content=\"512\" \/>\n\t<meta property=\"og:image:type\" content=\"image\/png\" \/>\n<meta name=\"twitter:card\" content=\"summary_large_image\" \/>\n<meta name=\"twitter:label1\" content=\"Tiempo de lectura\" \/>\n\t<meta name=\"twitter:data1\" content=\"3 minutos\" \/>\n<script type=\"application\/ld+json\" class=\"yoast-schema-graph\">{\"@context\":\"https:\\\/\\\/schema.org\",\"@graph\":[{\"@type\":\"WebPage\",\"@id\":\"https:\\\/\\\/www.idodental.com\\\/politica-de-privacidad-clinica-ido-dental\\\/\",\"url\":\"https:\\\/\\\/www.idodental.com\\\/politica-de-privacidad-clinica-ido-dental\\\/\",\"name\":\"Pol\u00edtica de privacidad | IDO Dental Tona\",\"isPartOf\":{\"@id\":\"https:\\\/\\\/www.idodental.com\\\/#website\"},\"datePublished\":\"2019-11-05T11:00:03+00:00\",\"dateModified\":\"2025-01-20T14:31:33+00:00\",\"breadcrumb\":{\"@id\":\"https:\\\/\\\/www.idodental.com\\\/politica-de-privacidad-clinica-ido-dental\\\/#breadcrumb\"},\"inLanguage\":\"es\",\"potentialAction\":[{\"@type\":\"ReadAction\",\"target\":[\"https:\\\/\\\/www.idodental.com\\\/politica-de-privacidad-clinica-ido-dental\\\/\"]}]},{\"@type\":\"BreadcrumbList\",\"@id\":\"https:\\\/\\\/www.idodental.com\\\/politica-de-privacidad-clinica-ido-dental\\\/#breadcrumb\",\"itemListElement\":[{\"@type\":\"ListItem\",\"position\":1,\"name\":\"Portada\",\"item\":\"https:\\\/\\\/www.idodental.com\\\/es\\\/\"},{\"@type\":\"ListItem\",\"position\":2,\"name\":\"Pol\u00edtica de Privacidad de la Cl\u00ednica IDO DENTAL TONA\"}]},{\"@type\":\"WebSite\",\"@id\":\"https:\\\/\\\/www.idodental.com\\\/#website\",\"url\":\"https:\\\/\\\/www.idodental.com\\\/\",\"name\":\"IDO Dental Tona | La teva cl\u00ednica dental de confian\u00e7a a Tona (Osona)\",\"description\":\"La teva cl\u00ednica dental de refer\u00e8ncia a Tona (Osona), on la professionalitat i la qualitat s\u00f3n la nostra prioritat. Comptem amb professionals especialitzats en cada \u00e0rea per oferir-te el millor servei.\",\"publisher\":{\"@id\":\"https:\\\/\\\/www.idodental.com\\\/#organization\"},\"alternateName\":\"IDO DENTAL TONA\",\"potentialAction\":[{\"@type\":\"SearchAction\",\"target\":{\"@type\":\"EntryPoint\",\"urlTemplate\":\"https:\\\/\\\/www.idodental.com\\\/?s={search_term_string}\"},\"query-input\":{\"@type\":\"PropertyValueSpecification\",\"valueRequired\":true,\"valueName\":\"search_term_string\"}}],\"inLanguage\":\"es\"},{\"@type\":\"Organization\",\"@id\":\"https:\\\/\\\/www.idodental.com\\\/#organization\",\"name\":\"IDO Dental Tona\",\"alternateName\":\"IDO\",\"url\":\"https:\\\/\\\/www.idodental.com\\\/\",\"logo\":{\"@type\":\"ImageObject\",\"inLanguage\":\"es\",\"@id\":\"https:\\\/\\\/www.idodental.com\\\/#\\\/schema\\\/logo\\\/image\\\/\",\"url\":\"https:\\\/\\\/www.idodental.com\\\/wp-content\\\/uploads\\\/2019\\\/11\\\/cropped-logo-1.png\",\"contentUrl\":\"https:\\\/\\\/www.idodental.com\\\/wp-content\\\/uploads\\\/2019\\\/11\\\/cropped-logo-1.png\",\"width\":794,\"height\":187,\"caption\":\"IDO Dental Tona\"},\"image\":{\"@id\":\"https:\\\/\\\/www.idodental.com\\\/#\\\/schema\\\/logo\\\/image\\\/\"},\"sameAs\":[\"https:\\\/\\\/www.facebook.com\\\/idodental?locale=es_ES\",\"https:\\\/\\\/www.instagram.com\\\/ido.dental.tona\\\/\"]}]}<\/script>\n<!-- \/ Yoast SEO plugin. -->","yoast_head_json":{"title":"Pol\u00edtica de privacidad | IDO Dental Tona","robots":{"index":"noindex","follow":"nofollow"},"og_locale":"es_ES","og_type":"article","og_title":"Pol\u00edtica de privacidad | IDO Dental Tona","og_description":"Pol\u00edtica de Privacidad de la Cl\u00ednica IDO DENTAL TONA En PUNT GENIAL, S.L. estamos especialmente comprometidos con la confidencialidad de los datos personales que se nos facilitan a trav\u00e9s de nuestra p\u00e1gina web. Mediante esta pol\u00edtica, informamos al usuario sobre el tratamiento de sus datos personales, as\u00ed como los derechos que le asisten, conforme al [&hellip;]","og_url":"https:\/\/www.idodental.com\/es\/politica-de-privacidad-clinica-ido-dental\/","og_site_name":"IDO Dental Tona","article_publisher":"https:\/\/www.facebook.com\/idodental?locale=es_ES","article_modified_time":"2025-01-20T14:31:33+00:00","og_image":[{"width":512,"height":512,"url":"https:\/\/www.idodental.com\/wp-content\/uploads\/2019\/11\/cropped-favicon.png","type":"image\/png"}],"twitter_card":"summary_large_image","twitter_misc":{"Tiempo de lectura":"3 minutos"},"schema":{"@context":"https:\/\/schema.org","@graph":[{"@type":"WebPage","@id":"https:\/\/www.idodental.com\/politica-de-privacidad-clinica-ido-dental\/","url":"https:\/\/www.idodental.com\/politica-de-privacidad-clinica-ido-dental\/","name":"Pol\u00edtica de privacidad | IDO Dental Tona","isPartOf":{"@id":"https:\/\/www.idodental.com\/#website"},"datePublished":"2019-11-05T11:00:03+00:00","dateModified":"2025-01-20T14:31:33+00:00","breadcrumb":{"@id":"https:\/\/www.idodental.com\/politica-de-privacidad-clinica-ido-dental\/#breadcrumb"},"inLanguage":"es","potentialAction":[{"@type":"ReadAction","target":["https:\/\/www.idodental.com\/politica-de-privacidad-clinica-ido-dental\/"]}]},{"@type":"BreadcrumbList","@id":"https:\/\/www.idodental.com\/politica-de-privacidad-clinica-ido-dental\/#breadcrumb","itemListElement":[{"@type":"ListItem","position":1,"name":"Portada","item":"https:\/\/www.idodental.com\/es\/"},{"@type":"ListItem","position":2,"name":"Pol\u00edtica de Privacidad de la Cl\u00ednica IDO DENTAL TONA"}]},{"@type":"WebSite","@id":"https:\/\/www.idodental.com\/#website","url":"https:\/\/www.idodental.com\/","name":"IDO Dental Tona | La teva cl\u00ednica dental de confian\u00e7a a Tona (Osona)","description":"La teva cl\u00ednica dental de refer\u00e8ncia a Tona (Osona), on la professionalitat i la qualitat s\u00f3n la nostra prioritat. Comptem amb professionals especialitzats en cada \u00e0rea per oferir-te el millor servei.","publisher":{"@id":"https:\/\/www.idodental.com\/#organization"},"alternateName":"IDO DENTAL TONA","potentialAction":[{"@type":"SearchAction","target":{"@type":"EntryPoint","urlTemplate":"https:\/\/www.idodental.com\/?s={search_term_string}"},"query-input":{"@type":"PropertyValueSpecification","valueRequired":true,"valueName":"search_term_string"}}],"inLanguage":"es"},{"@type":"Organization","@id":"https:\/\/www.idodental.com\/#organization","name":"IDO Dental Tona","alternateName":"IDO","url":"https:\/\/www.idodental.com\/","logo":{"@type":"ImageObject","inLanguage":"es","@id":"https:\/\/www.idodental.com\/#\/schema\/logo\/image\/","url":"https:\/\/www.idodental.com\/wp-content\/uploads\/2019\/11\/cropped-logo-1.png","contentUrl":"https:\/\/www.idodental.com\/wp-content\/uploads\/2019\/11\/cropped-logo-1.png","width":794,"height":187,"caption":"IDO Dental Tona"},"image":{"@id":"https:\/\/www.idodental.com\/#\/schema\/logo\/image\/"},"sameAs":["https:\/\/www.facebook.com\/idodental?locale=es_ES","https:\/\/www.instagram.com\/ido.dental.tona\/"]}]}},"_links":{"self":[{"href":"https:\/\/www.idodental.com\/es\/wp-json\/wp\/v2\/pages\/60","targetHints":{"allow":["GET"]}}],"collection":[{"href":"https:\/\/www.idodental.com\/es\/wp-json\/wp\/v2\/pages"}],"about":[{"href":"https:\/\/www.idodental.com\/es\/wp-json\/wp\/v2\/types\/page"}],"author":[{"embeddable":true,"href":"https:\/\/www.idodental.com\/es\/wp-json\/wp\/v2\/users\/1"}],"replies":[{"embeddable":true,"href":"https:\/\/www.idodental.com\/es\/wp-json\/wp\/v2\/comments?post=60"}],"version-history":[{"count":9,"href":"https:\/\/www.idodental.com\/es\/wp-json\/wp\/v2\/pages\/60\/revisions"}],"predecessor-version":[{"id":406,"href":"https:\/\/www.idodental.com\/es\/wp-json\/wp\/v2\/pages\/60\/revisions\/406"}],"wp:attachment":[{"href":"https:\/\/www.idodental.com\/es\/wp-json\/wp\/v2\/media?parent=60"}],"curies":[{"name":"wp","href":"https:\/\/api.w.org\/{rel}","templated":true}]}}